{"id":3043,"date":"2025-02-27T05:35:16","date_gmt":"2025-02-27T05:35:16","guid":{"rendered":"https:\/\/explorabahia.com\/create-experiences\/"},"modified":"2025-02-27T05:36:14","modified_gmt":"2025-02-27T05:36:14","slug":"%e5%88%9b%e9%80%a0%e4%bd%93%e9%aa%8c","status":"publish","type":"page","link":"https:\/\/explorabahia.com\/zh\/create-experiences\/","title":{"rendered":"\u521b\u9020\u4f53\u9a8c"},"content":{"rendered":"<div data-elementor-type=\"wp-page\" data-elementor-id=\"3043\" class=\"elementor elementor-3043\" data-elementor-post-type=\"page\">\n\t\t\t\t<div class=\"elementor-element elementor-element-f94b67a e-con-full e-flex e-con e-parent\" data-id=\"f94b67a\" data-element_type=\"container\" data-e-type=\"container\">\n\t\t\t\t<\/div>\n\t\t\t\t<\/div>","protected":false},"excerpt":{"rendered":"","protected":false},"author":1,"featured_media":0,"parent":0,"menu_order":0,"comment_status":"closed","ping_status":"closed","template":"","meta":{"inline_featured_image":false,"footnotes":""},"class_list":["post-3043","page","type-page","status-publish","hentry"],"yoast_head":"<!-- This site is optimized with the Yoast SEO plugin v27.3 - https:\/\/yoast.com\/product\/yoast-seo-wordpress\/ -->\n<title>in Puerto Vallarta &amp; Bah\u00eda de Banderas | Explora Bah\u00eda<\/title>\n<meta name=\"description\" content=\"Explore the best in Puerto Vallarta &amp; Bah\u00eda de Banderas with Explora Bah\u00eda. Find top recommendations, must-visit places, and exciting activities. Start your adventure today!\" \/>\n<meta name=\"robots\" content=\"index, follow, max-snippet:-1, max-image-preview:large, max-video-preview:-1\" \/>\n<link rel=\"canonical\" href=\"https:\/\/explorabahia.com\/zh\/\u521b\u9020\u4f53\u9a8c\/\" \/>\n<meta property=\"og:locale\" content=\"zh_CN\" \/>\n<meta property=\"og:type\" content=\"article\" \/>\n<meta property=\"og:title\" content=\"in Puerto Vallarta &amp; Bah\u00eda de Banderas | Explora Bah\u00eda\" \/>\n<meta property=\"og:description\" content=\"Explore the best in Puerto Vallarta &amp; Bah\u00eda de Banderas with Explora Bah\u00eda. Find top recommendations, must-visit places, and exciting activities. Start your adventure today!\" \/>\n<meta property=\"og:url\" content=\"https:\/\/explorabahia.com\/zh\/\u521b\u9020\u4f53\u9a8c\/\" \/>\n<meta property=\"og:site_name\" content=\"Explora Bah\u00eda\" \/>\n<meta property=\"article:publisher\" content=\"https:\/\/www.facebook.com\/explorabahia\" \/>\n<meta property=\"article:modified_time\" content=\"2025-02-27T05:36:14+00:00\" \/>\n<meta property=\"og:image\" content=\"https:\/\/explorabahia.com\/wp-content\/uploads\/2025\/02\/EXPLORA-BAHIA-DISCOVER-THE-BES-PLACES-ACTIVITIES-AND-RECOMMENDATION.jpg\" \/>\n\t<meta property=\"og:image:width\" content=\"1200\" \/>\n\t<meta property=\"og:image:height\" content=\"675\" \/>\n\t<meta property=\"og:image:type\" content=\"image\/jpeg\" \/>\n<meta name=\"twitter:card\" content=\"summary_large_image\" \/>\n<script type=\"application\/ld+json\" class=\"yoast-schema-graph\">{\"@context\":\"https:\\\/\\\/schema.org\",\"@graph\":[{\"@type\":\"WebPage\",\"@id\":\"https:\\\/\\\/explorabahia.com\\\/create-experiences\\\/\",\"url\":\"https:\\\/\\\/explorabahia.com\\\/create-experiences\\\/\",\"name\":\"in Puerto Vallarta & Bah\u00eda de Banderas | Explora Bah\u00eda\",\"isPartOf\":{\"@id\":\"https:\\\/\\\/explorabahia.com\\\/#website\"},\"datePublished\":\"2025-02-27T05:35:16+00:00\",\"dateModified\":\"2025-02-27T05:36:14+00:00\",\"description\":\"Explore the best in Puerto Vallarta & Bah\u00eda de Banderas with Explora Bah\u00eda. Find top recommendations, must-visit places, and exciting activities. Start your adventure today!\",\"breadcrumb\":{\"@id\":\"https:\\\/\\\/explorabahia.com\\\/create-experiences\\\/#breadcrumb\"},\"inLanguage\":\"zh-Hans\",\"potentialAction\":[{\"@type\":\"ReadAction\",\"target\":[\"https:\\\/\\\/explorabahia.com\\\/create-experiences\\\/\"]}]},{\"@type\":\"BreadcrumbList\",\"@id\":\"https:\\\/\\\/explorabahia.com\\\/create-experiences\\\/#breadcrumb\",\"itemListElement\":[{\"@type\":\"ListItem\",\"position\":1,\"name\":\"Explora Bah\u00eda\",\"item\":\"https:\\\/\\\/explorabahia.com\\\/\"},{\"@type\":\"ListItem\",\"position\":2,\"name\":\"Create Experiences\"}]},{\"@type\":\"WebSite\",\"@id\":\"https:\\\/\\\/explorabahia.com\\\/#website\",\"url\":\"https:\\\/\\\/explorabahia.com\\\/\",\"name\":\"Explora Bah\u00eda\",\"description\":\"Explore lifestyles, businesses, events, and cultural experiences in Puerto Vallarta and Bah\u00eda de Banderas. Find exclusive deals, artistic showcases, and hidden gems waiting to be discovered.\",\"publisher\":{\"@id\":\"https:\\\/\\\/explorabahia.com\\\/#organization\"},\"alternateName\":\"ExploraBahia\",\"potentialAction\":[{\"@type\":\"SearchAction\",\"target\":{\"@type\":\"EntryPoint\",\"urlTemplate\":\"https:\\\/\\\/explorabahia.com\\\/?s={search_term_string}\"},\"query-input\":{\"@type\":\"PropertyValueSpecification\",\"valueRequired\":true,\"valueName\":\"search_term_string\"}}],\"inLanguage\":\"zh-Hans\"},{\"@type\":\"Organization\",\"@id\":\"https:\\\/\\\/explorabahia.com\\\/#organization\",\"name\":\"Explora Bah\u00eda\",\"alternateName\":\"ExploraBahia\",\"url\":\"https:\\\/\\\/explorabahia.com\\\/\",\"logo\":{\"@type\":\"ImageObject\",\"inLanguage\":\"zh-Hans\",\"@id\":\"https:\\\/\\\/explorabahia.com\\\/#\\\/schema\\\/logo\\\/image\\\/\",\"url\":\"https:\\\/\\\/explorabahia.com\\\/wp-content\\\/uploads\\\/2025\\\/01\\\/explora-bahia-logo-svg.svg\",\"contentUrl\":\"https:\\\/\\\/explorabahia.com\\\/wp-content\\\/uploads\\\/2025\\\/01\\\/explora-bahia-logo-svg.svg\",\"width\":719,\"height\":220,\"caption\":\"Explora Bah\u00eda\"},\"image\":{\"@id\":\"https:\\\/\\\/explorabahia.com\\\/#\\\/schema\\\/logo\\\/image\\\/\"},\"sameAs\":[\"https:\\\/\\\/www.facebook.com\\\/explorabahia\",\"https:\\\/\\\/www.instagram.com\\\/explorabahia\",\"https:\\\/\\\/www.youtube.com\\\/@ExploraBahia\",\"https:\\\/\\\/www.linkedin.com\\\/company\\\/explora-bah\u00eda\"]}]}<\/script>\n<!-- \/ Yoast SEO plugin. -->","yoast_head_json":{"title":"\u5df4\u4e9a\u5c14\u5854\u6e2f\u548c\u73ed\u5fb7\u62c9\u65af\u6e7e| \u5df4\u4e9a\u5c14\u5854\u6e2f\u63a2\u7d22\u5df4\u4f0a\u4e9a","description":"\u8ddf\u968f Explora Bah\u00eda \u63a2\u7d22\u5df4\u4e9a\u5c14\u5854\u6e2f\u548c\u73ed\u5fb7\u62c9\u65af\u6e7e\u7684\u7cbe\u534e\u3002\u67e5\u627e\u70ed\u95e8\u63a8\u8350\u3001\u5fc5\u6e38\u666f\u70b9\u548c\u7cbe\u5f69\u6d3b\u52a8\u3002\u7acb\u5373\u5f00\u542f\u60a8\u7684\u5192\u9669\u4e4b\u65c5\uff01","robots":{"index":"index","follow":"follow","max-snippet":"max-snippet:-1","max-image-preview":"max-image-preview:large","max-video-preview":"max-video-preview:-1"},"canonical":"https:\/\/explorabahia.com\/zh\/\u521b\u9020\u4f53\u9a8c\/","og_locale":"zh_CN","og_type":"article","og_title":"in Puerto Vallarta & Bah\u00eda de Banderas | Explora Bah\u00eda","og_description":"Explore the best in Puerto Vallarta & Bah\u00eda de Banderas with Explora Bah\u00eda. Find top recommendations, must-visit places, and exciting activities. Start your adventure today!","og_url":"https:\/\/explorabahia.com\/zh\/\u521b\u9020\u4f53\u9a8c\/","og_site_name":"Explora Bah\u00eda","article_publisher":"https:\/\/www.facebook.com\/explorabahia","article_modified_time":"2025-02-27T05:36:14+00:00","og_image":[{"width":1200,"height":675,"url":"https:\/\/explorabahia.com\/wp-content\/uploads\/2025\/02\/EXPLORA-BAHIA-DISCOVER-THE-BES-PLACES-ACTIVITIES-AND-RECOMMENDATION.jpg","type":"image\/jpeg"}],"twitter_card":"summary_large_image","schema":{"@context":"https:\/\/schema.org","@graph":[{"@type":"WebPage","@id":"https:\/\/explorabahia.com\/create-experiences\/","url":"https:\/\/explorabahia.com\/create-experiences\/","name":"\u5df4\u4e9a\u5c14\u5854\u6e2f\u548c\u73ed\u5fb7\u62c9\u65af\u6e7e| \u5df4\u4e9a\u5c14\u5854\u6e2f\u63a2\u7d22\u5df4\u4f0a\u4e9a","isPartOf":{"@id":"https:\/\/explorabahia.com\/#website"},"datePublished":"2025-02-27T05:35:16+00:00","dateModified":"2025-02-27T05:36:14+00:00","description":"\u8ddf\u968f Explora Bah\u00eda \u63a2\u7d22\u5df4\u4e9a\u5c14\u5854\u6e2f\u548c\u73ed\u5fb7\u62c9\u65af\u6e7e\u7684\u7cbe\u534e\u3002\u67e5\u627e\u70ed\u95e8\u63a8\u8350\u3001\u5fc5\u6e38\u666f\u70b9\u548c\u7cbe\u5f69\u6d3b\u52a8\u3002\u7acb\u5373\u5f00\u542f\u60a8\u7684\u5192\u9669\u4e4b\u65c5\uff01","breadcrumb":{"@id":"https:\/\/explorabahia.com\/create-experiences\/#breadcrumb"},"inLanguage":"zh-Hans","potentialAction":[{"@type":"ReadAction","target":["https:\/\/explorabahia.com\/create-experiences\/"]}]},{"@type":"BreadcrumbList","@id":"https:\/\/explorabahia.com\/create-experiences\/#breadcrumb","itemListElement":[{"@type":"ListItem","position":1,"name":"Explora Bah\u00eda","item":"https:\/\/explorabahia.com\/"},{"@type":"ListItem","position":2,"name":"Create Experiences"}]},{"@type":"WebSite","@id":"https:\/\/explorabahia.com\/#website","url":"https:\/\/explorabahia.com\/","name":"\u63a2\u7d22\u5df4\u4f0a\u4e9a","description":"\u63a2\u7d22\u5df4\u4e9a\u5c14\u5854\u6e2f\u548c\u73ed\u5fb7\u62c9\u65af\u6e7e\u7684\u751f\u6d3b\u65b9\u5f0f\u3001\u5546\u4e1a\u3001\u6d3b\u52a8\u548c\u6587\u5316\u4f53\u9a8c\u3002\u5bfb\u627e\u72ec\u5bb6\u4f18\u60e0\u3001\u827a\u672f\u5c55\u89c8\u548c\u7b49\u5f85\u60a8\u53d1\u73b0\u7684\u9690\u85cf\u5b9d\u85cf\u3002.","publisher":{"@id":"https:\/\/explorabahia.com\/#organization"},"alternateName":"ExploraBahia","potentialAction":[{"@type":"SearchAction","target":{"@type":"EntryPoint","urlTemplate":"https:\/\/explorabahia.com\/?s={search_term_string}"},"query-input":{"@type":"PropertyValueSpecification","valueRequired":true,"valueName":"search_term_string"}}],"inLanguage":"zh-Hans"},{"@type":"Organization","@id":"https:\/\/explorabahia.com\/#organization","name":"\u63a2\u7d22\u5df4\u4f0a\u4e9a","alternateName":"ExploraBahia","url":"https:\/\/explorabahia.com\/","logo":{"@type":"ImageObject","inLanguage":"zh-Hans","@id":"https:\/\/explorabahia.com\/#\/schema\/logo\/image\/","url":"https:\/\/explorabahia.com\/wp-content\/uploads\/2025\/01\/explora-bahia-logo-svg.svg","contentUrl":"https:\/\/explorabahia.com\/wp-content\/uploads\/2025\/01\/explora-bahia-logo-svg.svg","width":719,"height":220,"caption":"Explora Bah\u00eda"},"image":{"@id":"https:\/\/explorabahia.com\/#\/schema\/logo\/image\/"},"sameAs":["https:\/\/www.facebook.com\/explorabahia","https:\/\/www.instagram.com\/explorabahia","https:\/\/www.youtube.com\/@ExploraBahia","https:\/\/www.linkedin.com\/company\/explora-bah\u00eda"]}]}},"_links":{"self":[{"href":"https:\/\/explorabahia.com\/zh\/wp-json\/wp\/v2\/pages\/3043","targetHints":{"allow":["GET"]}}],"collection":[{"href":"https:\/\/explorabahia.com\/zh\/wp-json\/wp\/v2\/pages"}],"about":[{"href":"https:\/\/explorabahia.com\/zh\/wp-json\/wp\/v2\/types\/page"}],"author":[{"embeddable":true,"href":"https:\/\/explorabahia.com\/zh\/wp-json\/wp\/v2\/users\/1"}],"replies":[{"embeddable":true,"href":"https:\/\/explorabahia.com\/zh\/wp-json\/wp\/v2\/comments?post=3043"}],"version-history":[{"count":3,"href":"https:\/\/explorabahia.com\/zh\/wp-json\/wp\/v2\/pages\/3043\/revisions"}],"predecessor-version":[{"id":3046,"href":"https:\/\/explorabahia.com\/zh\/wp-json\/wp\/v2\/pages\/3043\/revisions\/3046"}],"wp:attachment":[{"href":"https:\/\/explorabahia.com\/zh\/wp-json\/wp\/v2\/media?parent=3043"}],"curies":[{"name":"wp","href":"https:\/\/api.w.org\/{rel}","templated":true}]}}