{"id":3,"date":"2025-01-29T23:45:51","date_gmt":"2025-01-29T23:45:51","guid":{"rendered":"https:\/\/explorabahia.com\/?page_id=3"},"modified":"2025-02-16T04:03:31","modified_gmt":"2025-02-16T04:03:31","slug":"%e9%9a%90%e7%a7%81%e6%94%bf%e7%ad%96","status":"publish","type":"page","link":"https:\/\/explorabahia.com\/zh\/privacy-policy\/","title":{"rendered":"\u9690\u79c1\u653f\u7b56"},"content":{"rendered":"<h2 class=\"wp-block-heading\">\u6211\u4eec\u662f\u8c01<\/h2>\n\n\n<p><strong class=\"privacy-policy-tutorial\">\u5efa\u8bae\u6587\u672c\uff1a <\/strong>\u6211\u4eec\u7684\u7f51\u7ad9\u5730\u5740\u662f\uff1ahttps:\/\/explorabahia.com\u3002.<\/p>\n\n\n<h2 class=\"wp-block-heading\">\u8bc4\u8bba<\/h2>\n\n\n<p><strong class=\"privacy-policy-tutorial\">\u5efa\u8bae\u6587\u672c\uff1a <\/strong>\u5f53\u8bbf\u5ba2\u5728\u7f51\u7ad9\u4e0a\u53d1\u8868\u8bc4\u8bba\u65f6\uff0c\u6211\u4eec\u4f1a\u6536\u96c6\u8bc4\u8bba\u8868\u5355\u4e2d\u663e\u793a\u7684\u6570\u636e\uff0c\u4ee5\u53ca\u8bbf\u5ba2\u7684 IP \u5730\u5740\u548c\u6d4f\u89c8\u5668\u7528\u6237\u4ee3\u7406\u5b57\u7b26\u4e32\uff0c\u4ee5\u5e2e\u52a9\u68c0\u6d4b\u5783\u573e\u90ae\u4ef6\u3002.<\/p>\n\n\n<p>\u6211\u4eec\u4f1a\u5c06\u6839\u636e\u60a8\u7684\u7535\u5b50\u90ae\u4ef6\u5730\u5740\u751f\u6210\u7684\u533f\u540d\u5b57\u7b26\u4e32\uff08\u4e5f\u79f0\u4e3a\u54c8\u5e0c\u503c\uff09\u63d0\u4f9b\u7ed9 Gravatar \u670d\u52a1\uff0c\u4ee5\u786e\u5b9a\u60a8\u662f\u5426\u6b63\u5728\u4f7f\u7528\u8be5\u670d\u52a1\u3002Gravatar \u670d\u52a1\u7684\u9690\u79c1\u653f\u7b56\u8bf7\u8bbf\u95ee\u6b64\u5904\uff1ahttps:\/\/automattic.com\/privacy\/\u3002\u60a8\u7684\u8bc4\u8bba\u83b7\u5f97\u6279\u51c6\u540e\uff0c\u60a8\u7684\u4e2a\u4eba\u8d44\u6599\u56fe\u7247\u5c06\u516c\u5f00\u663e\u793a\u5728\u60a8\u7684\u8bc4\u8bba\u65c1\u8fb9\u3002.<\/p>\n\n\n<h2 class=\"wp-block-heading\">\u5a92\u4f53<\/h2>\n\n\n<p><strong class=\"privacy-policy-tutorial\">\u5efa\u8bae\u6587\u672c\uff1a <\/strong>\u5982\u679c\u60a8\u8981\u4e0a\u4f20\u56fe\u7247\u5230\u7f51\u7ad9\uff0c\u8bf7\u907f\u514d\u4e0a\u4f20\u5305\u542b\u5d4c\u5165\u5f0f\u4f4d\u7f6e\u6570\u636e\uff08EXIF GPS\uff09\u7684\u56fe\u7247\u3002\u7f51\u7ad9\u8bbf\u95ee\u8005\u53ef\u4ee5\u4e0b\u8f7d\u5e76\u63d0\u53d6\u7f51\u7ad9\u56fe\u7247\u4e2d\u7684\u4efb\u4f55\u4f4d\u7f6e\u6570\u636e\u3002.<\/p>\n\n\n<h2 class=\"wp-block-heading\">\u66f2\u5947\u997c<\/h2>\n\n\n<p><strong class=\"privacy-policy-tutorial\">\u5efa\u8bae\u6587\u672c\uff1a <\/strong>\u5982\u679c\u60a8\u5728\u6211\u4eec\u7684\u7f51\u7ad9\u4e0a\u53d1\u8868\u8bc4\u8bba\uff0c\u60a8\u53ef\u4ee5\u9009\u62e9\u5c06\u60a8\u7684\u59d3\u540d\u3001\u7535\u5b50\u90ae\u4ef6\u5730\u5740\u548c\u7f51\u7ad9\u4fe1\u606f\u4fdd\u5b58\u5728 Cookie \u4e2d\u3002\u8fd9\u6837\u505a\u662f\u4e3a\u4e86\u65b9\u4fbf\u60a8\u4e0b\u6b21\u53d1\u8868\u8bc4\u8bba\u65f6\u65e0\u9700\u518d\u6b21\u586b\u5199\u8fd9\u4e9b\u4fe1\u606f\u3002\u8fd9\u4e9b Cookie \u5c06\u4fdd\u5b58\u4e00\u5e74\u3002.<\/p>\n\n\n<p>\u5982\u679c\u60a8\u8bbf\u95ee\u6211\u4eec\u7684\u767b\u5f55\u9875\u9762\uff0c\u6211\u4eec\u4f1a\u8bbe\u7f6e\u4e00\u4e2a\u4e34\u65f6 Cookie \u6765\u5224\u65ad\u60a8\u7684\u6d4f\u89c8\u5668\u662f\u5426\u63a5\u53d7 Cookie\u3002\u6b64 Cookie \u4e0d\u5305\u542b\u4efb\u4f55\u4e2a\u4eba\u6570\u636e\uff0c\u5e76\u5728\u60a8\u5173\u95ed\u6d4f\u89c8\u5668\u65f6\u88ab\u5220\u9664\u3002.<\/p>\n\n\n<p>\u5f53\u60a8\u767b\u5f55\u65f6\uff0c\u6211\u4eec\u4f1a\u8bbe\u7f6e\u591a\u4e2a Cookie \u6765\u4fdd\u5b58\u60a8\u7684\u767b\u5f55\u4fe1\u606f\u548c\u5c4f\u5e55\u663e\u793a\u9009\u9879\u3002\u767b\u5f55 Cookie \u7684\u6709\u6548\u671f\u4e3a\u4e24\u5929\uff0c\u5c4f\u5e55\u9009\u9879 Cookie \u7684\u6709\u6548\u671f\u4e3a\u4e00\u5e74\u3002\u5982\u679c\u60a8\u9009\u62e9\"\u8bb0\u4f4f\u6211\"\uff0c\u60a8\u7684\u767b\u5f55\u72b6\u6001\u5c06\u4fdd\u6301\u4e24\u5468\u3002\u5982\u679c\u60a8\u9000\u51fa\u5e10\u6237\uff0c\u767b\u5f55 Cookie \u5c06\u88ab\u5220\u9664\u3002.<\/p>\n\n\n<p>\u5982\u679c\u60a8\u7f16\u8f91\u6216\u53d1\u5e03\u6587\u7ae0\uff0c\u6d4f\u89c8\u5668\u4e2d\u5c06\u4fdd\u5b58\u4e00\u4e2a\u989d\u5916\u7684 Cookie\u3002\u6b64 Cookie \u4e0d\u5305\u542b\u4efb\u4f55\u4e2a\u4eba\u6570\u636e\uff0c\u4ec5\u7528\u4e8e\u6807\u8bc6\u60a8\u521a\u521a\u7f16\u8f91\u7684\u6587\u7ae0\u7684\u5e16\u5b50 ID\u3002\u5b83\u4f1a\u5728 1 \u5929\u540e\u8fc7\u671f\u3002.<\/p>\n\n\n<h2 class=\"wp-block-heading\">\u6765\u81ea\u5176\u4ed6\u7f51\u7ad9\u7684\u5d4c\u5165\u5185\u5bb9<\/h2>\n\n\n<p><strong class=\"privacy-policy-tutorial\">\u5efa\u8bae\u6587\u672c\uff1a <\/strong>\u672c\u7ad9\u6587\u7ae0\u53ef\u80fd\u5305\u542b\u5d4c\u5165\u5f0f\u5185\u5bb9\uff08\u4f8b\u5982\u89c6\u9891\u3001\u56fe\u7247\u3001\u6587\u7ae0\u7b49\uff09\u3002\u6765\u81ea\u5176\u4ed6\u7f51\u7ad9\u7684\u5d4c\u5165\u5f0f\u5185\u5bb9\u7684\u884c\u4e3a\u65b9\u5f0f\u4e0e\u8bbf\u95ee\u8005\u76f4\u63a5\u8bbf\u95ee\u8be5\u7f51\u7ad9\u7684\u884c\u4e3a\u65b9\u5f0f\u5b8c\u5168\u76f8\u540c\u3002.<\/p>\n\n\n<p>\u8fd9\u4e9b\u7f51\u7ad9\u53ef\u80fd\u4f1a\u6536\u96c6\u5173\u4e8e\u60a8\u7684\u6570\u636e\u3001\u4f7f\u7528 cookie\u3001\u5d4c\u5165\u989d\u5916\u7684\u7b2c\u4e09\u65b9\u8ddf\u8e2a\uff0c\u5e76\u76d1\u63a7\u60a8\u4e0e\u5d4c\u5165\u5185\u5bb9\u7684\u4e92\u52a8\uff0c\u5305\u62ec\u5982\u679c\u60a8\u62e5\u6709\u8be5\u7f51\u7ad9\u7684\u5e10\u6237\u5e76\u5df2\u767b\u5f55\uff0c\u5219\u4f1a\u8ddf\u8e2a\u60a8\u4e0e\u5d4c\u5165\u5185\u5bb9\u7684\u4e92\u52a8\u3002.<\/p>\n\n\n<h2 class=\"wp-block-heading\">\u6211\u4eec\u4f1a\u4e0e\u8c01\u5206\u4eab\u60a8\u7684\u6570\u636e<\/h2>\n\n\n<p><strong class=\"privacy-policy-tutorial\">\u5efa\u8bae\u6587\u672c\uff1a <\/strong>\u5982\u679c\u60a8\u7533\u8bf7\u91cd\u7f6e\u5bc6\u7801\uff0c\u60a8\u7684 IP \u5730\u5740\u5c06\u5305\u542b\u5728\u91cd\u7f6e\u90ae\u4ef6\u4e2d\u3002.<\/p>\n\n\n<h2 class=\"wp-block-heading\">\u6211\u4eec\u4fdd\u7559\u60a8\u7684\u6570\u636e\u591a\u4e45<\/h2>\n\n\n<p><strong class=\"privacy-policy-tutorial\">\u5efa\u8bae\u6587\u672c\uff1a <\/strong>\u5982\u679c\u60a8\u53d1\u8868\u8bc4\u8bba\uff0c\u8be5\u8bc4\u8bba\u53ca\u5176\u5143\u6570\u636e\u5c06\u65e0\u9650\u671f\u4fdd\u7559\u3002\u8fd9\u6837\u6211\u4eec\u5c31\u53ef\u4ee5\u81ea\u52a8\u8bc6\u522b\u5e76\u6279\u51c6\u4efb\u4f55\u540e\u7eed\u8bc4\u8bba\uff0c\u800c\u65e0\u9700\u5c06\u5176\u653e\u5165\u5ba1\u6838\u961f\u5217\u3002.<\/p>\n\n\n<p>\u5bf9\u4e8e\u5728\u6211\u4eec\u7f51\u7ad9\u6ce8\u518c\u7684\u7528\u6237\uff08\u5982\u6709\uff09\uff0c\u6211\u4eec\u8fd8\u4f1a\u5c06\u4ed6\u4eec\u63d0\u4f9b\u7684\u4e2a\u4eba\u4fe1\u606f\u5b58\u50a8\u5728\u7528\u6237\u4e2a\u4eba\u8d44\u6599\u4e2d\u3002\u6240\u6709\u7528\u6237\u90fd\u53ef\u4ee5\u968f\u65f6\u67e5\u770b\u3001\u7f16\u8f91\u6216\u5220\u9664\u81ea\u5df1\u7684\u4e2a\u4eba\u4fe1\u606f\uff08\u7528\u6237\u540d\u9664\u5916\uff09\u3002\u7f51\u7ad9\u7ba1\u7406\u5458\u4e5f\u53ef\u4ee5\u67e5\u770b\u548c\u7f16\u8f91\u8fd9\u4e9b\u4fe1\u606f\u3002.<\/p>\n\n\n<h2 class=\"wp-block-heading\">\u4f60\u5bf9\u81ea\u5df1\u7684\u6570\u636e\u62e5\u6709\u54ea\u4e9b\u6743\u5229<\/h2>\n\n\n<p><strong class=\"privacy-policy-tutorial\">\u5efa\u8bae\u6587\u672c\uff1a <\/strong>\u5982\u679c\u60a8\u5728\u672c\u7f51\u7ad9\u62e5\u6709\u5e10\u6237\u6216\u66fe\u53d1\u8868\u8bc4\u8bba\uff0c\u60a8\u53ef\u4ee5\u7533\u8bf7\u83b7\u53d6\u6211\u4eec\u6240\u6301\u6709\u7684\u5173\u4e8e\u60a8\u7684\u4e2a\u4eba\u6570\u636e\u5bfc\u51fa\u6587\u4ef6\uff0c\u5305\u62ec\u60a8\u63d0\u4f9b\u7ed9\u6211\u4eec\u7684\u4efb\u4f55\u6570\u636e\u3002\u60a8\u4e5f\u53ef\u4ee5\u8981\u6c42\u6211\u4eec\u5220\u9664\u6211\u4eec\u6240\u6301\u6709\u7684\u5173\u4e8e\u60a8\u7684\u4efb\u4f55\u4e2a\u4eba\u6570\u636e\u3002\u4f46\u8fd9\u4e0d\u5305\u62ec\u6211\u4eec\u51fa\u4e8e\u884c\u653f\u3001\u6cd5\u5f8b\u6216\u5b89\u5168\u76ee\u7684\u800c\u5fc5\u987b\u4fdd\u7559\u7684\u4efb\u4f55\u6570\u636e\u3002.<\/p>\n\n\n<h2 class=\"wp-block-heading\">\u60a8\u7684\u6570\u636e\u5c06\u53d1\u9001\u5230\u54ea\u91cc<\/h2>\n\n\n<p><strong class=\"privacy-policy-tutorial\">\u5efa\u8bae\u6587\u672c\uff1a <\/strong>\u8bbf\u5ba2\u8bc4\u8bba\u53ef\u80fd\u4f1a\u901a\u8fc7\u81ea\u52a8\u5783\u573e\u90ae\u4ef6\u68c0\u6d4b\u670d\u52a1\u8fdb\u884c\u68c0\u67e5\u3002.<\/p>","protected":false},"excerpt":{"rendered":"<p>Who we are Suggested text: Our website address is: https:\/\/explorabahia.com. Comments Suggested text: When visitors leave comments on the site we collect the data shown in the comments form, and also the visitor&#8217;s IP address and browser user agent string to help spam detection. An anonymized string created from your email address (also called a [&hellip;]<\/p>","protected":false},"author":1,"featured_media":0,"parent":0,"menu_order":0,"comment_status":"closed","ping_status":"closed","template":"","meta":{"inline_featured_image":false,"footnotes":""},"class_list":["post-3","page","type-page","status-publish","hentry"],"yoast_head":"<!-- This site is optimized with the Yoast SEO plugin v27.3 - https:\/\/yoast.com\/product\/yoast-seo-wordpress\/ -->\n<title>in Puerto Vallarta &amp; Bah\u00eda de Banderas | Explora Bah\u00eda<\/title>\n<meta name=\"description\" content=\"Explore the best in Puerto Vallarta &amp; Bah\u00eda de Banderas with Explora Bah\u00eda. Find top recommendations, must-visit places, and exciting activities. Start your adventure today!\" \/>\n<meta name=\"robots\" content=\"index, follow, max-snippet:-1, max-image-preview:large, max-video-preview:-1\" \/>\n<link rel=\"canonical\" href=\"https:\/\/explorabahia.com\/zh\/\u9690\u79c1\u653f\u7b56\/\" \/>\n<meta property=\"og:locale\" content=\"zh_CN\" \/>\n<meta property=\"og:type\" content=\"article\" \/>\n<meta property=\"og:title\" content=\"in Puerto Vallarta &amp; Bah\u00eda de Banderas | Explora Bah\u00eda\" \/>\n<meta property=\"og:description\" content=\"Explore the best in Puerto Vallarta &amp; Bah\u00eda de Banderas with Explora Bah\u00eda. Find top recommendations, must-visit places, and exciting activities. Start your adventure today!\" \/>\n<meta property=\"og:url\" content=\"https:\/\/explorabahia.com\/zh\/\u9690\u79c1\u653f\u7b56\/\" \/>\n<meta property=\"og:site_name\" content=\"Explora Bah\u00eda\" \/>\n<meta property=\"article:publisher\" content=\"https:\/\/www.facebook.com\/explorabahia\" \/>\n<meta property=\"article:modified_time\" content=\"2025-02-16T04:03:31+00:00\" \/>\n<meta property=\"og:image\" content=\"https:\/\/explorabahia.com\/wp-content\/uploads\/2025\/02\/EXPLORA-BAHIA-DISCOVER-THE-BES-PLACES-ACTIVITIES-AND-RECOMMENDATION.jpg\" \/>\n\t<meta property=\"og:image:width\" content=\"1200\" \/>\n\t<meta property=\"og:image:height\" content=\"675\" \/>\n\t<meta property=\"og:image:type\" content=\"image\/jpeg\" \/>\n<meta name=\"twitter:card\" content=\"summary_large_image\" \/>\n<meta name=\"twitter:label1\" content=\"\u9884\u8ba1\u9605\u8bfb\u65f6\u95f4\" \/>\n\t<meta name=\"twitter:data1\" content=\"3 \u5206\" \/>\n<script type=\"application\/ld+json\" class=\"yoast-schema-graph\">{\"@context\":\"https:\\\/\\\/schema.org\",\"@graph\":[{\"@type\":\"WebPage\",\"@id\":\"https:\\\/\\\/explorabahia.com\\\/privacy-policy\\\/\",\"url\":\"https:\\\/\\\/explorabahia.com\\\/privacy-policy\\\/\",\"name\":\"in Puerto Vallarta & Bah\u00eda de Banderas | Explora Bah\u00eda\",\"isPartOf\":{\"@id\":\"https:\\\/\\\/explorabahia.com\\\/#website\"},\"datePublished\":\"2025-01-29T23:45:51+00:00\",\"dateModified\":\"2025-02-16T04:03:31+00:00\",\"description\":\"Explore the best in Puerto Vallarta & Bah\u00eda de Banderas with Explora Bah\u00eda. Find top recommendations, must-visit places, and exciting activities. Start your adventure today!\",\"breadcrumb\":{\"@id\":\"https:\\\/\\\/explorabahia.com\\\/privacy-policy\\\/#breadcrumb\"},\"inLanguage\":\"zh-Hans\",\"potentialAction\":[{\"@type\":\"ReadAction\",\"target\":[\"https:\\\/\\\/explorabahia.com\\\/privacy-policy\\\/\"]}]},{\"@type\":\"BreadcrumbList\",\"@id\":\"https:\\\/\\\/explorabahia.com\\\/privacy-policy\\\/#breadcrumb\",\"itemListElement\":[{\"@type\":\"ListItem\",\"position\":1,\"name\":\"Explora Bah\u00eda\",\"item\":\"https:\\\/\\\/explorabahia.com\\\/\"},{\"@type\":\"ListItem\",\"position\":2,\"name\":\"Privacy Policy\"}]},{\"@type\":\"WebSite\",\"@id\":\"https:\\\/\\\/explorabahia.com\\\/#website\",\"url\":\"https:\\\/\\\/explorabahia.com\\\/\",\"name\":\"Explora Bah\u00eda\",\"description\":\"Explore lifestyles, businesses, events, and cultural experiences in Puerto Vallarta and Bah\u00eda de Banderas. Find exclusive deals, artistic showcases, and hidden gems waiting to be discovered.\",\"publisher\":{\"@id\":\"https:\\\/\\\/explorabahia.com\\\/#organization\"},\"alternateName\":\"ExploraBahia\",\"potentialAction\":[{\"@type\":\"SearchAction\",\"target\":{\"@type\":\"EntryPoint\",\"urlTemplate\":\"https:\\\/\\\/explorabahia.com\\\/?s={search_term_string}\"},\"query-input\":{\"@type\":\"PropertyValueSpecification\",\"valueRequired\":true,\"valueName\":\"search_term_string\"}}],\"inLanguage\":\"zh-Hans\"},{\"@type\":\"Organization\",\"@id\":\"https:\\\/\\\/explorabahia.com\\\/#organization\",\"name\":\"Explora Bah\u00eda\",\"alternateName\":\"ExploraBahia\",\"url\":\"https:\\\/\\\/explorabahia.com\\\/\",\"logo\":{\"@type\":\"ImageObject\",\"inLanguage\":\"zh-Hans\",\"@id\":\"https:\\\/\\\/explorabahia.com\\\/#\\\/schema\\\/logo\\\/image\\\/\",\"url\":\"https:\\\/\\\/explorabahia.com\\\/wp-content\\\/uploads\\\/2025\\\/01\\\/explora-bahia-logo-svg.svg\",\"contentUrl\":\"https:\\\/\\\/explorabahia.com\\\/wp-content\\\/uploads\\\/2025\\\/01\\\/explora-bahia-logo-svg.svg\",\"width\":719,\"height\":220,\"caption\":\"Explora Bah\u00eda\"},\"image\":{\"@id\":\"https:\\\/\\\/explorabahia.com\\\/#\\\/schema\\\/logo\\\/image\\\/\"},\"sameAs\":[\"https:\\\/\\\/www.facebook.com\\\/explorabahia\",\"https:\\\/\\\/www.instagram.com\\\/explorabahia\",\"https:\\\/\\\/www.youtube.com\\\/@ExploraBahia\",\"https:\\\/\\\/www.linkedin.com\\\/company\\\/explora-bah\u00eda\"]}]}<\/script>\n<!-- \/ Yoast SEO plugin. -->","yoast_head_json":{"title":"\u5df4\u4e9a\u5c14\u5854\u6e2f\u548c\u73ed\u5fb7\u62c9\u65af\u6e7e| \u5df4\u4e9a\u5c14\u5854\u6e2f\u63a2\u7d22\u5df4\u4f0a\u4e9a","description":"\u8ddf\u968f Explora Bah\u00eda \u63a2\u7d22\u5df4\u4e9a\u5c14\u5854\u6e2f\u548c\u73ed\u5fb7\u62c9\u65af\u6e7e\u7684\u7cbe\u534e\u3002\u67e5\u627e\u70ed\u95e8\u63a8\u8350\u3001\u5fc5\u6e38\u666f\u70b9\u548c\u7cbe\u5f69\u6d3b\u52a8\u3002\u7acb\u5373\u5f00\u542f\u60a8\u7684\u5192\u9669\u4e4b\u65c5\uff01","robots":{"index":"index","follow":"follow","max-snippet":"max-snippet:-1","max-image-preview":"max-image-preview:large","max-video-preview":"max-video-preview:-1"},"canonical":"https:\/\/explorabahia.com\/zh\/\u9690\u79c1\u653f\u7b56\/","og_locale":"zh_CN","og_type":"article","og_title":"in Puerto Vallarta & Bah\u00eda de Banderas | Explora Bah\u00eda","og_description":"Explore the best in Puerto Vallarta & Bah\u00eda de Banderas with Explora Bah\u00eda. Find top recommendations, must-visit places, and exciting activities. Start your adventure today!","og_url":"https:\/\/explorabahia.com\/zh\/\u9690\u79c1\u653f\u7b56\/","og_site_name":"Explora Bah\u00eda","article_publisher":"https:\/\/www.facebook.com\/explorabahia","article_modified_time":"2025-02-16T04:03:31+00:00","og_image":[{"width":1200,"height":675,"url":"https:\/\/explorabahia.com\/wp-content\/uploads\/2025\/02\/EXPLORA-BAHIA-DISCOVER-THE-BES-PLACES-ACTIVITIES-AND-RECOMMENDATION.jpg","type":"image\/jpeg"}],"twitter_card":"summary_large_image","twitter_misc":{"\u9884\u8ba1\u9605\u8bfb\u65f6\u95f4":"3 \u5206"},"schema":{"@context":"https:\/\/schema.org","@graph":[{"@type":"WebPage","@id":"https:\/\/explorabahia.com\/privacy-policy\/","url":"https:\/\/explorabahia.com\/privacy-policy\/","name":"\u5df4\u4e9a\u5c14\u5854\u6e2f\u548c\u73ed\u5fb7\u62c9\u65af\u6e7e| \u5df4\u4e9a\u5c14\u5854\u6e2f\u63a2\u7d22\u5df4\u4f0a\u4e9a","isPartOf":{"@id":"https:\/\/explorabahia.com\/#website"},"datePublished":"2025-01-29T23:45:51+00:00","dateModified":"2025-02-16T04:03:31+00:00","description":"\u8ddf\u968f Explora Bah\u00eda \u63a2\u7d22\u5df4\u4e9a\u5c14\u5854\u6e2f\u548c\u73ed\u5fb7\u62c9\u65af\u6e7e\u7684\u7cbe\u534e\u3002\u67e5\u627e\u70ed\u95e8\u63a8\u8350\u3001\u5fc5\u6e38\u666f\u70b9\u548c\u7cbe\u5f69\u6d3b\u52a8\u3002\u7acb\u5373\u5f00\u542f\u60a8\u7684\u5192\u9669\u4e4b\u65c5\uff01","breadcrumb":{"@id":"https:\/\/explorabahia.com\/privacy-policy\/#breadcrumb"},"inLanguage":"zh-Hans","potentialAction":[{"@type":"ReadAction","target":["https:\/\/explorabahia.com\/privacy-policy\/"]}]},{"@type":"BreadcrumbList","@id":"https:\/\/explorabahia.com\/privacy-policy\/#breadcrumb","itemListElement":[{"@type":"ListItem","position":1,"name":"Explora Bah\u00eda","item":"https:\/\/explorabahia.com\/"},{"@type":"ListItem","position":2,"name":"Privacy Policy"}]},{"@type":"WebSite","@id":"https:\/\/explorabahia.com\/#website","url":"https:\/\/explorabahia.com\/","name":"\u63a2\u7d22\u5df4\u4f0a\u4e9a","description":"\u63a2\u7d22\u5df4\u4e9a\u5c14\u5854\u6e2f\u548c\u73ed\u5fb7\u62c9\u65af\u6e7e\u7684\u751f\u6d3b\u65b9\u5f0f\u3001\u5546\u4e1a\u3001\u6d3b\u52a8\u548c\u6587\u5316\u4f53\u9a8c\u3002\u5bfb\u627e\u72ec\u5bb6\u4f18\u60e0\u3001\u827a\u672f\u5c55\u89c8\u548c\u7b49\u5f85\u60a8\u53d1\u73b0\u7684\u9690\u85cf\u5b9d\u85cf\u3002.","publisher":{"@id":"https:\/\/explorabahia.com\/#organization"},"alternateName":"ExploraBahia","potentialAction":[{"@type":"SearchAction","target":{"@type":"EntryPoint","urlTemplate":"https:\/\/explorabahia.com\/?s={search_term_string}"},"query-input":{"@type":"PropertyValueSpecification","valueRequired":true,"valueName":"search_term_string"}}],"inLanguage":"zh-Hans"},{"@type":"Organization","@id":"https:\/\/explorabahia.com\/#organization","name":"\u63a2\u7d22\u5df4\u4f0a\u4e9a","alternateName":"ExploraBahia","url":"https:\/\/explorabahia.com\/","logo":{"@type":"ImageObject","inLanguage":"zh-Hans","@id":"https:\/\/explorabahia.com\/#\/schema\/logo\/image\/","url":"https:\/\/explorabahia.com\/wp-content\/uploads\/2025\/01\/explora-bahia-logo-svg.svg","contentUrl":"https:\/\/explorabahia.com\/wp-content\/uploads\/2025\/01\/explora-bahia-logo-svg.svg","width":719,"height":220,"caption":"Explora Bah\u00eda"},"image":{"@id":"https:\/\/explorabahia.com\/#\/schema\/logo\/image\/"},"sameAs":["https:\/\/www.facebook.com\/explorabahia","https:\/\/www.instagram.com\/explorabahia","https:\/\/www.youtube.com\/@ExploraBahia","https:\/\/www.linkedin.com\/company\/explora-bah\u00eda"]}]}},"_links":{"self":[{"href":"https:\/\/explorabahia.com\/zh\/wp-json\/wp\/v2\/pages\/3","targetHints":{"allow":["GET"]}}],"collection":[{"href":"https:\/\/explorabahia.com\/zh\/wp-json\/wp\/v2\/pages"}],"about":[{"href":"https:\/\/explorabahia.com\/zh\/wp-json\/wp\/v2\/types\/page"}],"author":[{"embeddable":true,"href":"https:\/\/explorabahia.com\/zh\/wp-json\/wp\/v2\/users\/1"}],"replies":[{"embeddable":true,"href":"https:\/\/explorabahia.com\/zh\/wp-json\/wp\/v2\/comments?post=3"}],"version-history":[{"count":1,"href":"https:\/\/explorabahia.com\/zh\/wp-json\/wp\/v2\/pages\/3\/revisions"}],"predecessor-version":[{"id":1516,"href":"https:\/\/explorabahia.com\/zh\/wp-json\/wp\/v2\/pages\/3\/revisions\/1516"}],"wp:attachment":[{"href":"https:\/\/explorabahia.com\/zh\/wp-json\/wp\/v2\/media?parent=3"}],"curies":[{"name":"wp","href":"https:\/\/api.w.org\/{rel}","templated":true}]}}