{"id":140,"date":"2025-01-30T00:02:29","date_gmt":"2025-01-30T00:02:29","guid":{"rendered":"https:\/\/explorabahia.com\/create-places\/"},"modified":"2025-01-30T00:02:29","modified_gmt":"2025-01-30T00:02:29","slug":"%e5%88%9b%e5%bb%ba%e5%9c%ba%e6%89%80","status":"publish","type":"page","link":"https:\/\/explorabahia.com\/zh\/create-places\/","title":{"rendered":"\u521b\u5efa\u573a\u6240"},"content":{"rendered":"<div data-elementor-type=\"page\" data-elementor-id=\"167\" class=\"elementor elementor-167 elementor-bc-flex-widget\" data-elementor-post-type=\"elementor_library\">\n\t\t\t\t<div class=\"elementor-element elementor-element-4dc7bcd8 e-flex e-con-boxed e-con e-parent\" data-id=\"4dc7bcd8\" data-element_type=\"container\" data-e-type=\"container\">\n\t\t\t\t\t<div class=\"e-con-inner\">\n\t\t\t\t<div class=\"elementor-element elementor-element-f5f4170 elementor-view-default elementor-widget elementor-widget-icon\" data-id=\"f5f4170\" data-element_type=\"widget\" data-e-type=\"widget\" data-widget_type=\"icon.default\">\n\t\t\t\t\t\t\t<div class=\"elementor-icon-wrapper\">\n\t\t\t<div class=\"elementor-icon\">\n\t\t\t<svg xmlns=\"http:\/\/www.w3.org\/2000\/svg\" fill=\"#1C2033\" width=\"52\" height=\"52\" viewbox=\"0 0 24 24\"><path d=\"M9.75 15C9.75 13.7574 10.7574 12.75 12 12.75C13.2426 12.75 14.25 13.7574 14.25 15C14.25 16.2426 13.2426 17.25 12 17.25C10.7574 17.25 9.75 16.2426 9.75 15Z\"><\/path><path d=\"M7.25 6.75C7.25 4.12665 9.37665 2 12 2C14.6234 2 16.75 4.12665 16.75 6.75V8H18C19.1046 8 20 8.89543 20 10V20C20 21.1046 19.1046 22 18 22H6C4.89543 22 4 21.1046 4 20V10C4 8.89543 4.89543 8 6 8H7.25V6.75ZM12 3.5C10.2051 3.5 8.75 4.95507 8.75 6.75V8H15.25V6.75C15.25 4.95507 13.7949 3.5 12 3.5ZM12 11.25C9.92893 11.25 8.25 12.9289 8.25 15C8.25 17.0711 9.92893 18.75 12 18.75C14.0711 18.75 15.75 17.0711 15.75 15C15.75 12.9289 14.0711 11.25 12 11.25Z\"><\/path><\/svg>\t\t\t<\/div>\n\t\t<\/div>\n\t\t\t\t\t\t<\/div>\n\t\t\t\t<div class=\"elementor-element elementor-element-83bc70d elementor-widget elementor-widget-heading\" data-id=\"83bc70d\" data-element_type=\"widget\" data-e-type=\"widget\" data-widget_type=\"heading.default\">\n\t\t\t\t\t<h2 class=\"elementor-heading-title elementor-size-default\">\u7981\u533a<\/h2>\t\t\t\t<\/div>\n\t\t\t\t<div class=\"elementor-element elementor-element-5b4e578 elementor-widget elementor-widget-heading\" data-id=\"5b4e578\" data-element_type=\"widget\" data-e-type=\"widget\" data-widget_type=\"heading.default\">\n\t\t\t\t\t<h2 class=\"elementor-heading-title elementor-size-default\">\u8bbf\u95ee\u6b64\u9875\u9762\u9700\u8981\u5e10\u6237<\/h2>\t\t\t\t<\/div>\n\t\t\t\t<div class=\"elementor-element elementor-element-6d498c7 elementor-widget elementor-widget-ts-advanced-list\" data-id=\"6d498c7\" data-element_type=\"widget\" data-e-type=\"widget\" data-widget_type=\"ts-advanced-list.default\">\n\t\t\t\t\t<ul class=\"flexify simplify-ul ts-advanced-list\">\n\t\n\t\t\t\t\t\t\t<li class=\"elementor-repeater-item-32cda58 flexify ts-action\"\n\t\t\t\t\t>\t\t\t\t\t\t<a href=\"https:\/\/explorabahia.com\/zh\/auth\/\" class=\"ts-action-con\" aria-label=\"\u767b\u5f55\">\n\t\t\t\t<div class=\"ts-action-icon\"><svg xmlns=\"http:\/\/www.w3.org\/2000\/svg\" fill=\"#1C2033\" width=\"52\" height=\"52\" viewbox=\"0 0 24 24\"><path d=\"M12 10C14.2091 10 16 8.20914 16 6C16 3.79086 14.2091 2 12 2C9.79086 2 8 3.79086 8 6C8 8.20914 9.79086 10 12 10Z\"><\/path><path d=\"M9 12C6.23858 12 4 14.2386 4 17V21C4 21.5523 4.44772 22 5 22H19C19.5523 22 20 21.5523 20 21V17C20 14.2386 17.7614 12 15 12H9Z\"><\/path><\/svg><\/div>\n\t\t\t\t\u767b\u5f55\t\t\t<\/a>\n\t\t\t<\/li>\t\t\t\n\t\t\t\t\t\t\t<li class=\"elementor-repeater-item-31befdb flexify ts-action\"\n\t\t\t\t\t>\t\t\t\t\t\t<a href=\"https:\/\/explorabahia.com\/zh\/auth\/?register\" class=\"ts-action-con\" aria-label=\"\u767b\u8bb0\">\n\t\t\t\t<div class=\"ts-action-icon\"><svg xmlns=\"http:\/\/www.w3.org\/2000\/svg\" xmlns:xlink=\"http:\/\/www.w3.org\/1999\/xlink\" fill=\"#1C2033\" width=\"52\" height=\"52\" id=\"lni_lni-plus\" x=\"0px\" y=\"0px\" viewbox=\"0 0 64 64\" style=\"enable-background:new 0 0 64 64;\" xml:space=\"preserve\"><path d=\"M60,29.8H34.3V4c0-1.2-1-2.3-2.3-2.3c-1.2,0-2.3,1-2.3,2.3v25.8H4c-1.2,0-2.3,1-2.3,2.3c0,1.2,1,2.3,2.3,2.3h25.8V60 c0,1.2,1,2.3,2.3,2.3c1.2,0,2.3-1,2.3-2.3V34.3H60c1.2,0,2.3-1,2.3-2.3C62.3,30.8,61.2,29.8,60,29.8z\"><\/path><\/svg><\/div>\n\t\t\t\t\u767b\u8bb0\t\t\t<\/a>\n\t\t\t<\/li>\t\t\t<\/ul>\n\t\t\t\t<\/div>\n\t\t\t\t\t<\/div>\n\t\t\t\t<\/div>\n\t\t\t\t<\/div>","protected":false},"excerpt":{"rendered":"","protected":false},"author":1,"featured_media":0,"parent":0,"menu_order":0,"comment_status":"closed","ping_status":"closed","template":"","meta":{"inline_featured_image":false,"footnotes":""},"class_list":["post-140","page","type-page","status-publish","hentry"],"yoast_head":"<!-- This site is optimized with the Yoast SEO plugin v27.3 - https:\/\/yoast.com\/product\/yoast-seo-wordpress\/ -->\n<title>in Puerto Vallarta &amp; Bah\u00eda de Banderas | Explora Bah\u00eda<\/title>\n<meta name=\"description\" content=\"Explore the best in Puerto Vallarta &amp; Bah\u00eda de Banderas with Explora Bah\u00eda. Find top recommendations, must-visit places, and exciting activities. Start your adventure today!\" \/>\n<meta name=\"robots\" content=\"index, follow, max-snippet:-1, max-image-preview:large, max-video-preview:-1\" \/>\n<link rel=\"canonical\" href=\"https:\/\/explorabahia.com\/zh\/\u521b\u5efa\u573a\u6240\/\" \/>\n<meta property=\"og:locale\" content=\"zh_CN\" \/>\n<meta property=\"og:type\" content=\"article\" \/>\n<meta property=\"og:title\" content=\"in Puerto Vallarta &amp; Bah\u00eda de Banderas | Explora Bah\u00eda\" \/>\n<meta property=\"og:description\" content=\"Explore the best in Puerto Vallarta &amp; Bah\u00eda de Banderas with Explora Bah\u00eda. Find top recommendations, must-visit places, and exciting activities. Start your adventure today!\" \/>\n<meta property=\"og:url\" content=\"https:\/\/explorabahia.com\/zh\/\u521b\u5efa\u573a\u6240\/\" \/>\n<meta property=\"og:site_name\" content=\"Explora Bah\u00eda\" \/>\n<meta property=\"article:publisher\" content=\"https:\/\/www.facebook.com\/explorabahia\" \/>\n<meta property=\"og:image\" content=\"https:\/\/explorabahia.com\/wp-content\/uploads\/2025\/02\/EXPLORA-BAHIA-DISCOVER-THE-BES-PLACES-ACTIVITIES-AND-RECOMMENDATION.jpg\" \/>\n\t<meta property=\"og:image:width\" content=\"1200\" \/>\n\t<meta property=\"og:image:height\" content=\"675\" \/>\n\t<meta property=\"og:image:type\" content=\"image\/jpeg\" \/>\n<meta name=\"twitter:card\" content=\"summary_large_image\" \/>\n<script type=\"application\/ld+json\" class=\"yoast-schema-graph\">{\"@context\":\"https:\\\/\\\/schema.org\",\"@graph\":[{\"@type\":\"WebPage\",\"@id\":\"https:\\\/\\\/explorabahia.com\\\/create-places\\\/\",\"url\":\"https:\\\/\\\/explorabahia.com\\\/create-places\\\/\",\"name\":\"in Puerto Vallarta & Bah\u00eda de Banderas | Explora Bah\u00eda\",\"isPartOf\":{\"@id\":\"https:\\\/\\\/explorabahia.com\\\/#website\"},\"datePublished\":\"2025-01-30T00:02:29+00:00\",\"description\":\"Explore the best in Puerto Vallarta & Bah\u00eda de Banderas with Explora Bah\u00eda. Find top recommendations, must-visit places, and exciting activities. Start your adventure today!\",\"breadcrumb\":{\"@id\":\"https:\\\/\\\/explorabahia.com\\\/create-places\\\/#breadcrumb\"},\"inLanguage\":\"zh-Hans\",\"potentialAction\":[{\"@type\":\"ReadAction\",\"target\":[\"https:\\\/\\\/explorabahia.com\\\/create-places\\\/\"]}]},{\"@type\":\"BreadcrumbList\",\"@id\":\"https:\\\/\\\/explorabahia.com\\\/create-places\\\/#breadcrumb\",\"itemListElement\":[{\"@type\":\"ListItem\",\"position\":1,\"name\":\"Explora Bah\u00eda\",\"item\":\"https:\\\/\\\/explorabahia.com\\\/\"},{\"@type\":\"ListItem\",\"position\":2,\"name\":\"Create Place\"}]},{\"@type\":\"WebSite\",\"@id\":\"https:\\\/\\\/explorabahia.com\\\/#website\",\"url\":\"https:\\\/\\\/explorabahia.com\\\/\",\"name\":\"Explora Bah\u00eda\",\"description\":\"Explore lifestyles, businesses, events, and cultural experiences in Puerto Vallarta and Bah\u00eda de Banderas. Find exclusive deals, artistic showcases, and hidden gems waiting to be discovered.\",\"publisher\":{\"@id\":\"https:\\\/\\\/explorabahia.com\\\/#organization\"},\"alternateName\":\"ExploraBahia\",\"potentialAction\":[{\"@type\":\"SearchAction\",\"target\":{\"@type\":\"EntryPoint\",\"urlTemplate\":\"https:\\\/\\\/explorabahia.com\\\/?s={search_term_string}\"},\"query-input\":{\"@type\":\"PropertyValueSpecification\",\"valueRequired\":true,\"valueName\":\"search_term_string\"}}],\"inLanguage\":\"zh-Hans\"},{\"@type\":\"Organization\",\"@id\":\"https:\\\/\\\/explorabahia.com\\\/#organization\",\"name\":\"Explora Bah\u00eda\",\"alternateName\":\"ExploraBahia\",\"url\":\"https:\\\/\\\/explorabahia.com\\\/\",\"logo\":{\"@type\":\"ImageObject\",\"inLanguage\":\"zh-Hans\",\"@id\":\"https:\\\/\\\/explorabahia.com\\\/#\\\/schema\\\/logo\\\/image\\\/\",\"url\":\"https:\\\/\\\/explorabahia.com\\\/wp-content\\\/uploads\\\/2025\\\/01\\\/explora-bahia-logo-svg.svg\",\"contentUrl\":\"https:\\\/\\\/explorabahia.com\\\/wp-content\\\/uploads\\\/2025\\\/01\\\/explora-bahia-logo-svg.svg\",\"width\":719,\"height\":220,\"caption\":\"Explora Bah\u00eda\"},\"image\":{\"@id\":\"https:\\\/\\\/explorabahia.com\\\/#\\\/schema\\\/logo\\\/image\\\/\"},\"sameAs\":[\"https:\\\/\\\/www.facebook.com\\\/explorabahia\",\"https:\\\/\\\/www.instagram.com\\\/explorabahia\",\"https:\\\/\\\/www.youtube.com\\\/@ExploraBahia\",\"https:\\\/\\\/www.linkedin.com\\\/company\\\/explora-bah\u00eda\"]}]}<\/script>\n<!-- \/ Yoast SEO plugin. -->","yoast_head_json":{"title":"\u5df4\u4e9a\u5c14\u5854\u6e2f\u548c\u73ed\u5fb7\u62c9\u65af\u6e7e| \u5df4\u4e9a\u5c14\u5854\u6e2f\u63a2\u7d22\u5df4\u4f0a\u4e9a","description":"\u8ddf\u968f Explora Bah\u00eda \u63a2\u7d22\u5df4\u4e9a\u5c14\u5854\u6e2f\u548c\u73ed\u5fb7\u62c9\u65af\u6e7e\u7684\u7cbe\u534e\u3002\u67e5\u627e\u70ed\u95e8\u63a8\u8350\u3001\u5fc5\u6e38\u666f\u70b9\u548c\u7cbe\u5f69\u6d3b\u52a8\u3002\u7acb\u5373\u5f00\u542f\u60a8\u7684\u5192\u9669\u4e4b\u65c5\uff01","robots":{"index":"index","follow":"follow","max-snippet":"max-snippet:-1","max-image-preview":"max-image-preview:large","max-video-preview":"max-video-preview:-1"},"canonical":"https:\/\/explorabahia.com\/zh\/\u521b\u5efa\u573a\u6240\/","og_locale":"zh_CN","og_type":"article","og_title":"in Puerto Vallarta & Bah\u00eda de Banderas | Explora Bah\u00eda","og_description":"Explore the best in Puerto Vallarta & Bah\u00eda de Banderas with Explora Bah\u00eda. Find top recommendations, must-visit places, and exciting activities. Start your adventure today!","og_url":"https:\/\/explorabahia.com\/zh\/\u521b\u5efa\u573a\u6240\/","og_site_name":"Explora Bah\u00eda","article_publisher":"https:\/\/www.facebook.com\/explorabahia","og_image":[{"width":1200,"height":675,"url":"https:\/\/explorabahia.com\/wp-content\/uploads\/2025\/02\/EXPLORA-BAHIA-DISCOVER-THE-BES-PLACES-ACTIVITIES-AND-RECOMMENDATION.jpg","type":"image\/jpeg"}],"twitter_card":"summary_large_image","schema":{"@context":"https:\/\/schema.org","@graph":[{"@type":"WebPage","@id":"https:\/\/explorabahia.com\/create-places\/","url":"https:\/\/explorabahia.com\/create-places\/","name":"\u5df4\u4e9a\u5c14\u5854\u6e2f\u548c\u73ed\u5fb7\u62c9\u65af\u6e7e| \u5df4\u4e9a\u5c14\u5854\u6e2f\u63a2\u7d22\u5df4\u4f0a\u4e9a","isPartOf":{"@id":"https:\/\/explorabahia.com\/#website"},"datePublished":"2025-01-30T00:02:29+00:00","description":"\u8ddf\u968f Explora Bah\u00eda \u63a2\u7d22\u5df4\u4e9a\u5c14\u5854\u6e2f\u548c\u73ed\u5fb7\u62c9\u65af\u6e7e\u7684\u7cbe\u534e\u3002\u67e5\u627e\u70ed\u95e8\u63a8\u8350\u3001\u5fc5\u6e38\u666f\u70b9\u548c\u7cbe\u5f69\u6d3b\u52a8\u3002\u7acb\u5373\u5f00\u542f\u60a8\u7684\u5192\u9669\u4e4b\u65c5\uff01","breadcrumb":{"@id":"https:\/\/explorabahia.com\/create-places\/#breadcrumb"},"inLanguage":"zh-Hans","potentialAction":[{"@type":"ReadAction","target":["https:\/\/explorabahia.com\/create-places\/"]}]},{"@type":"BreadcrumbList","@id":"https:\/\/explorabahia.com\/create-places\/#breadcrumb","itemListElement":[{"@type":"ListItem","position":1,"name":"Explora Bah\u00eda","item":"https:\/\/explorabahia.com\/"},{"@type":"ListItem","position":2,"name":"Create Place"}]},{"@type":"WebSite","@id":"https:\/\/explorabahia.com\/#website","url":"https:\/\/explorabahia.com\/","name":"\u63a2\u7d22\u5df4\u4f0a\u4e9a","description":"\u63a2\u7d22\u5df4\u4e9a\u5c14\u5854\u6e2f\u548c\u73ed\u5fb7\u62c9\u65af\u6e7e\u7684\u751f\u6d3b\u65b9\u5f0f\u3001\u5546\u4e1a\u3001\u6d3b\u52a8\u548c\u6587\u5316\u4f53\u9a8c\u3002\u5bfb\u627e\u72ec\u5bb6\u4f18\u60e0\u3001\u827a\u672f\u5c55\u89c8\u548c\u7b49\u5f85\u60a8\u53d1\u73b0\u7684\u9690\u85cf\u5b9d\u85cf\u3002.","publisher":{"@id":"https:\/\/explorabahia.com\/#organization"},"alternateName":"ExploraBahia","potentialAction":[{"@type":"SearchAction","target":{"@type":"EntryPoint","urlTemplate":"https:\/\/explorabahia.com\/?s={search_term_string}"},"query-input":{"@type":"PropertyValueSpecification","valueRequired":true,"valueName":"search_term_string"}}],"inLanguage":"zh-Hans"},{"@type":"Organization","@id":"https:\/\/explorabahia.com\/#organization","name":"\u63a2\u7d22\u5df4\u4f0a\u4e9a","alternateName":"ExploraBahia","url":"https:\/\/explorabahia.com\/","logo":{"@type":"ImageObject","inLanguage":"zh-Hans","@id":"https:\/\/explorabahia.com\/#\/schema\/logo\/image\/","url":"https:\/\/explorabahia.com\/wp-content\/uploads\/2025\/01\/explora-bahia-logo-svg.svg","contentUrl":"https:\/\/explorabahia.com\/wp-content\/uploads\/2025\/01\/explora-bahia-logo-svg.svg","width":719,"height":220,"caption":"Explora Bah\u00eda"},"image":{"@id":"https:\/\/explorabahia.com\/#\/schema\/logo\/image\/"},"sameAs":["https:\/\/www.facebook.com\/explorabahia","https:\/\/www.instagram.com\/explorabahia","https:\/\/www.youtube.com\/@ExploraBahia","https:\/\/www.linkedin.com\/company\/explora-bah\u00eda"]}]}},"_links":{"self":[{"href":"https:\/\/explorabahia.com\/zh\/wp-json\/wp\/v2\/pages\/140","targetHints":{"allow":["GET"]}}],"collection":[{"href":"https:\/\/explorabahia.com\/zh\/wp-json\/wp\/v2\/pages"}],"about":[{"href":"https:\/\/explorabahia.com\/zh\/wp-json\/wp\/v2\/types\/page"}],"author":[{"embeddable":true,"href":"https:\/\/explorabahia.com\/zh\/wp-json\/wp\/v2\/users\/1"}],"replies":[{"embeddable":true,"href":"https:\/\/explorabahia.com\/zh\/wp-json\/wp\/v2\/comments?post=140"}],"version-history":[{"count":0,"href":"https:\/\/explorabahia.com\/zh\/wp-json\/wp\/v2\/pages\/140\/revisions"}],"wp:attachment":[{"href":"https:\/\/explorabahia.com\/zh\/wp-json\/wp\/v2\/media?parent=140"}],"curies":[{"name":"wp","href":"https:\/\/api.w.org\/{rel}","templated":true}]}}